



{"id":17,"date":"2021-09-09T01:10:51","date_gmt":"2021-09-09T04:10:51","guid":{"rendered":"http:\/\/ingresouniversitario.com\/?page_id=17"},"modified":"2022-03-10T12:59:16","modified_gmt":"2022-03-10T15:59:16","slug":"ingenieria-industrial","status":"publish","type":"page","link":"https:\/\/ingresouniversitario.com\/americana\/ingenieria-industrial\/","title":{"rendered":"Ingenier\u00eda Industrial Anterior"},"content":{"rendered":"\n<p>Si te imaginas liderando y desarrollando proyectos enfocados a la producci\u00f3n y a la gesti\u00f3n que contribuyan con las organizaciones y su entorno en esta carrera encontrar\u00e1s tu camino a seguir.<\/p>\n","protected":false},"excerpt":{"rendered":"<p>Si te imaginas liderando y desarrollando proyectos enfocados a la producci\u00f3n y a la gesti\u00f3n que contribuyan con las organizaciones y su entorno en esta carrera encontrar\u00e1s tu camino a seguir.<\/p>\n","protected":false},"author":3,"featured_media":0,"parent":0,"menu_order":0,"comment_status":"closed","ping_status":"closed","template":"page-cursos.php","meta":{"content-type":"","footnotes":""},"class_list":["post-17","page","type-page","status-publish","hentry"],"_links":{"self":[{"href":"https:\/\/ingresouniversitario.com\/americana\/wp-json\/wp\/v2\/pages\/17","targetHints":{"allow":["GET"]}}],"collection":[{"href":"https:\/\/ingresouniversitario.com\/americana\/wp-json\/wp\/v2\/pages"}],"about":[{"href":"https:\/\/ingresouniversitario.com\/americana\/wp-json\/wp\/v2\/types\/page"}],"author":[{"embeddable":true,"href":"https:\/\/ingresouniversitario.com\/americana\/wp-json\/wp\/v2\/users\/3"}],"replies":[{"embeddable":true,"href":"https:\/\/ingresouniversitario.com\/americana\/wp-json\/wp\/v2\/comments?post=17"}],"version-history":[{"count":2,"href":"https:\/\/ingresouniversitario.com\/americana\/wp-json\/wp\/v2\/pages\/17\/revisions"}],"predecessor-version":[{"id":481,"href":"https:\/\/ingresouniversitario.com\/americana\/wp-json\/wp\/v2\/pages\/17\/revisions\/481"}],"wp:attachment":[{"href":"https:\/\/ingresouniversitario.com\/americana\/wp-json\/wp\/v2\/media?parent=17"}],"curies":[{"name":"wp","href":"https:\/\/api.w.org\/{rel}","templated":true}]}}