



{"id":18,"date":"2021-09-09T01:21:21","date_gmt":"2021-09-09T04:21:21","guid":{"rendered":"http:\/\/ingresouniversitario.com\/?page_id=18"},"modified":"2022-03-10T12:58:16","modified_gmt":"2022-03-10T15:58:16","slug":"administracion-de-empresas","status":"publish","type":"page","link":"https:\/\/ingresouniversitario.com\/americana\/administracion-de-empresas\/","title":{"rendered":"Administraci\u00f3n de Empresas Anterior"},"content":{"rendered":"\n<p>METODOLOG\u00cdA VIRTUAL EN CONTEXTO INTERNACIONAL<\/p>\n\n\n\n<p>Si est\u00e1s interesado en formarte y prepararte para gerenciar eficazmente cualquier tipo de organizaci\u00f3n, de cualquier tipo de actividad econ\u00f3mica, en esta tecnicatura obtendr\u00e1s las herramientas necesarias.<\/p>\n","protected":false},"excerpt":{"rendered":"<p>METODOLOG\u00cdA VIRTUAL EN CONTEXTO INTERNACIONAL Si est\u00e1s interesado en formarte y prepararte para gerenciar eficazmente cualquier tipo de organizaci\u00f3n, de cualquier tipo de actividad econ\u00f3mica, en esta tecnicatura obtendr\u00e1s las herramientas necesarias.<\/p>\n","protected":false},"author":3,"featured_media":0,"parent":0,"menu_order":0,"comment_status":"closed","ping_status":"closed","template":"page-cursos.php","meta":{"content-type":"","footnotes":""},"class_list":["post-18","page","type-page","status-publish","hentry"],"_links":{"self":[{"href":"https:\/\/ingresouniversitario.com\/americana\/wp-json\/wp\/v2\/pages\/18","targetHints":{"allow":["GET"]}}],"collection":[{"href":"https:\/\/ingresouniversitario.com\/americana\/wp-json\/wp\/v2\/pages"}],"about":[{"href":"https:\/\/ingresouniversitario.com\/americana\/wp-json\/wp\/v2\/types\/page"}],"author":[{"embeddable":true,"href":"https:\/\/ingresouniversitario.com\/americana\/wp-json\/wp\/v2\/users\/3"}],"replies":[{"embeddable":true,"href":"https:\/\/ingresouniversitario.com\/americana\/wp-json\/wp\/v2\/comments?post=18"}],"version-history":[{"count":2,"href":"https:\/\/ingresouniversitario.com\/americana\/wp-json\/wp\/v2\/pages\/18\/revisions"}],"predecessor-version":[{"id":475,"href":"https:\/\/ingresouniversitario.com\/americana\/wp-json\/wp\/v2\/pages\/18\/revisions\/475"}],"wp:attachment":[{"href":"https:\/\/ingresouniversitario.com\/americana\/wp-json\/wp\/v2\/media?parent=18"}],"curies":[{"name":"wp","href":"https:\/\/api.w.org\/{rel}","templated":true}]}}