



{"id":53,"date":"2021-10-01T12:07:06","date_gmt":"2021-10-01T15:07:06","guid":{"rendered":"https:\/\/ingresouniversitario.com\/americana\/?page_id=53"},"modified":"2022-03-10T12:58:28","modified_gmt":"2022-03-10T15:58:28","slug":"administracion-de-empresas-2","status":"publish","type":"page","link":"https:\/\/ingresouniversitario.com\/americana\/administracion-de-empresas-2\/","title":{"rendered":"Administraci\u00f3n de Empresas Anterior 2"},"content":{"rendered":"\n<p>METODOLOG\u00cdA VIRTUAL EN CONTEXTO INTERNACIONAL<\/p>\n\n\n\n<p>Si est\u00e1s interesado en formarte y prepararte para gerenciar eficazmente cualquier tipo de organizaci\u00f3n, de cualquier tipo de actividad econ\u00f3mica, en esta tecnicatura obtendr\u00e1s las herramientas necesarias.<\/p>\n","protected":false},"excerpt":{"rendered":"<p>METODOLOG\u00cdA VIRTUAL EN CONTEXTO INTERNACIONAL Si est\u00e1s interesado en formarte y prepararte para gerenciar eficazmente cualquier tipo de organizaci\u00f3n, de cualquier tipo de actividad econ\u00f3mica, en esta tecnicatura obtendr\u00e1s las herramientas necesarias.<\/p>\n","protected":false},"author":2,"featured_media":61,"parent":0,"menu_order":0,"comment_status":"closed","ping_status":"closed","template":"page-administracion-de-empresas.php","meta":{"content-type":"","footnotes":""},"class_list":["post-53","page","type-page","status-publish","has-post-thumbnail","hentry"],"_links":{"self":[{"href":"https:\/\/ingresouniversitario.com\/americana\/wp-json\/wp\/v2\/pages\/53","targetHints":{"allow":["GET"]}}],"collection":[{"href":"https:\/\/ingresouniversitario.com\/americana\/wp-json\/wp\/v2\/pages"}],"about":[{"href":"https:\/\/ingresouniversitario.com\/americana\/wp-json\/wp\/v2\/types\/page"}],"author":[{"embeddable":true,"href":"https:\/\/ingresouniversitario.com\/americana\/wp-json\/wp\/v2\/users\/2"}],"replies":[{"embeddable":true,"href":"https:\/\/ingresouniversitario.com\/americana\/wp-json\/wp\/v2\/comments?post=53"}],"version-history":[{"count":3,"href":"https:\/\/ingresouniversitario.com\/americana\/wp-json\/wp\/v2\/pages\/53\/revisions"}],"predecessor-version":[{"id":476,"href":"https:\/\/ingresouniversitario.com\/americana\/wp-json\/wp\/v2\/pages\/53\/revisions\/476"}],"wp:featuredmedia":[{"embeddable":true,"href":"https:\/\/ingresouniversitario.com\/americana\/wp-json\/wp\/v2\/media\/61"}],"wp:attachment":[{"href":"https:\/\/ingresouniversitario.com\/americana\/wp-json\/wp\/v2\/media?parent=53"}],"curies":[{"name":"wp","href":"https:\/\/api.w.org\/{rel}","templated":true}]}}