



{"id":55,"date":"2021-10-01T12:07:28","date_gmt":"2021-10-01T15:07:28","guid":{"rendered":"https:\/\/ingresouniversitario.com\/americana\/?page_id=55"},"modified":"2022-03-10T12:59:30","modified_gmt":"2022-03-10T15:59:30","slug":"ingenieria-industrial-2","status":"publish","type":"page","link":"https:\/\/ingresouniversitario.com\/americana\/ingenieria-industrial-2\/","title":{"rendered":"Ingenier\u00eda Industrial Anterior 2"},"content":{"rendered":"\n<p>Si te imaginas liderando y desarrollando proyectos enfocados a la producci\u00f3n y a la gesti\u00f3n que contribuyan con las organizaciones y su entorno en esta carrera encontrar\u00e1s tu camino a seguir.<\/p>\n","protected":false},"excerpt":{"rendered":"<p>Si te imaginas liderando y desarrollando proyectos enfocados a la producci\u00f3n y a la gesti\u00f3n que contribuyan con las organizaciones y su entorno en esta carrera encontrar\u00e1s tu camino a seguir.<\/p>\n","protected":false},"author":2,"featured_media":60,"parent":0,"menu_order":0,"comment_status":"closed","ping_status":"closed","template":"page-ingenieria-industrial.php","meta":{"content-type":"","footnotes":""},"class_list":["post-55","page","type-page","status-publish","has-post-thumbnail","hentry"],"_links":{"self":[{"href":"https:\/\/ingresouniversitario.com\/americana\/wp-json\/wp\/v2\/pages\/55","targetHints":{"allow":["GET"]}}],"collection":[{"href":"https:\/\/ingresouniversitario.com\/americana\/wp-json\/wp\/v2\/pages"}],"about":[{"href":"https:\/\/ingresouniversitario.com\/americana\/wp-json\/wp\/v2\/types\/page"}],"author":[{"embeddable":true,"href":"https:\/\/ingresouniversitario.com\/americana\/wp-json\/wp\/v2\/users\/2"}],"replies":[{"embeddable":true,"href":"https:\/\/ingresouniversitario.com\/americana\/wp-json\/wp\/v2\/comments?post=55"}],"version-history":[{"count":2,"href":"https:\/\/ingresouniversitario.com\/americana\/wp-json\/wp\/v2\/pages\/55\/revisions"}],"predecessor-version":[{"id":482,"href":"https:\/\/ingresouniversitario.com\/americana\/wp-json\/wp\/v2\/pages\/55\/revisions\/482"}],"wp:featuredmedia":[{"embeddable":true,"href":"https:\/\/ingresouniversitario.com\/americana\/wp-json\/wp\/v2\/media\/60"}],"wp:attachment":[{"href":"https:\/\/ingresouniversitario.com\/americana\/wp-json\/wp\/v2\/media?parent=55"}],"curies":[{"name":"wp","href":"https:\/\/api.w.org\/{rel}","templated":true}]}}