



{"id":92,"date":"2022-01-06T12:23:42","date_gmt":"2022-01-06T15:23:42","guid":{"rendered":"https:\/\/ingresouniversitario.com\/americana\/?page_id=92"},"modified":"2022-01-06T12:26:44","modified_gmt":"2022-01-06T15:26:44","slug":"gracias","status":"publish","type":"page","link":"https:\/\/ingresouniversitario.com\/americana\/gracias\/","title":{"rendered":""},"content":{"rendered":"\n<h2 class=\"has-text-align-center\"><strong>\u00a1Gracias por ponerte en contacto!<\/strong><\/h2>\n\n\n\n\n<div style=\"height:19px\" aria-hidden=\"true\" class=\"wp-block-spacer\"><\/div>\n\n\n\n<p class=\"has-text-align-center\">Pronto recibir\u00e1s m\u00e1s informaci\u00f3n acerca del programa.<\/p>\n","protected":false},"excerpt":{"rendered":"<p>\u00a1Gracias por ponerte en contacto! Pronto recibir\u00e1s m\u00e1s informaci\u00f3n acerca del programa.<\/p>\n","protected":false},"author":2,"featured_media":0,"parent":0,"menu_order":0,"comment_status":"closed","ping_status":"closed","template":"","meta":{"content-type":"","footnotes":""},"class_list":["post-92","page","type-page","status-publish","hentry"],"_links":{"self":[{"href":"https:\/\/ingresouniversitario.com\/americana\/wp-json\/wp\/v2\/pages\/92","targetHints":{"allow":["GET"]}}],"collection":[{"href":"https:\/\/ingresouniversitario.com\/americana\/wp-json\/wp\/v2\/pages"}],"about":[{"href":"https:\/\/ingresouniversitario.com\/americana\/wp-json\/wp\/v2\/types\/page"}],"author":[{"embeddable":true,"href":"https:\/\/ingresouniversitario.com\/americana\/wp-json\/wp\/v2\/users\/2"}],"replies":[{"embeddable":true,"href":"https:\/\/ingresouniversitario.com\/americana\/wp-json\/wp\/v2\/comments?post=92"}],"version-history":[{"count":6,"href":"https:\/\/ingresouniversitario.com\/americana\/wp-json\/wp\/v2\/pages\/92\/revisions"}],"predecessor-version":[{"id":99,"href":"https:\/\/ingresouniversitario.com\/americana\/wp-json\/wp\/v2\/pages\/92\/revisions\/99"}],"wp:attachment":[{"href":"https:\/\/ingresouniversitario.com\/americana\/wp-json\/wp\/v2\/media?parent=92"}],"curies":[{"name":"wp","href":"https:\/\/api.w.org\/{rel}","templated":true}]}}